{"id":13065,"date":"2023-05-02T18:51:05","date_gmt":"2023-05-02T22:51:05","guid":{"rendered":"https:\/\/discerningdeacons.org\/?page_id=13065"},"modified":"2025-04-21T19:25:41","modified_gmt":"2025-04-21T23:25:41","slug":"toolkit","status":"publish","type":"page","link":"https:\/\/discerningdeacons.org\/es\/toolkit\/","title":{"rendered":"Obt\u00e9n la Gu\u00eda de Recursos del D\u00eda de Santa Febe"},"content":{"rendered":"\t\t<div data-elementor-type=\"wp-page\" data-elementor-id=\"13065\" class=\"elementor elementor-13065\" data-elementor-post-type=\"page\">\n\t\t\t\t\t\t<section class=\"elementor-section elementor-top-section elementor-element elementor-element-73994c5 elementor-section-boxed elementor-section-height-default elementor-section-height-default\" data-id=\"73994c5\" data-element_type=\"section\" data-e-type=\"section\" data-settings=\"{&quot;jet_parallax_layout_list&quot;:[]}\">\n\t\t\t\t\t\t<div class=\"elementor-container elementor-column-gap-default\">\n\t\t\t\t\t<div class=\"elementor-column elementor-col-100 elementor-top-column elementor-element elementor-element-cbd74cf\" data-id=\"cbd74cf\" data-element_type=\"column\" data-e-type=\"column\">\n\t\t\t<div class=\"elementor-widget-wrap elementor-element-populated\">\n\t\t\t\t\t\t<div class=\"elementor-element elementor-element-1c15664 elementor-widget elementor-widget-text-editor\" data-id=\"1c15664\" data-element_type=\"widget\" data-e-type=\"widget\" data-widget_type=\"text-editor.default\">\n\t\t\t\t<div class=\"elementor-widget-container\">\n\t\t\t\t\t\t\t\t\t<h5>When you fill out the form below, you will receive an email with instructions for accessing your copy of the St. Phoebe Day Toolkit.<\/h5>\t\t\t\t\t\t\t\t<\/div>\n\t\t\t\t<\/div>\n\t\t\t\t<section class=\"elementor-section elementor-inner-section elementor-element elementor-element-6dc0b66 elementor-section-boxed elementor-section-height-default elementor-section-height-default\" data-id=\"6dc0b66\" data-element_type=\"section\" data-e-type=\"section\" data-settings=\"{&quot;jet_parallax_layout_list&quot;:[]}\">\n\t\t\t\t\t\t<div class=\"elementor-container elementor-column-gap-default\">\n\t\t\t\t\t<div class=\"elementor-column elementor-col-50 elementor-inner-column elementor-element elementor-element-d9c86d8\" data-id=\"d9c86d8\" data-element_type=\"column\" data-e-type=\"column\">\n\t\t\t<div class=\"elementor-widget-wrap elementor-element-populated\">\n\t\t\t\t\t\t<div class=\"elementor-element elementor-element-1886a56 elementor-widget elementor-widget-html\" data-id=\"1886a56\" data-element_type=\"widget\" data-e-type=\"widget\" data-widget_type=\"html.default\">\n\t\t\t\t<div class=\"elementor-widget-container\">\n\t\t\t\t\t<!-- MailerLite Universal -->\n<script>\n    (function(w,d,e,u,f,l,n){w[f]=w[f]||function(){(w[f].q=w[f].q||[])\n    .push(arguments);},l=d.createElement(e),l.async=1,l.src=u,\n    n=d.getElementsByTagName(e)[0],n.parentNode.insertBefore(l,n);})\n    (window,document,'script','https:\/\/assets.mailerlite.com\/js\/universal.js','ml');\n    ml('account', '957510');\n<\/script>\n<!-- End MailerLite Universal -->\n<div class=\"ml-embedded\" data-form=\"78lhpY\"><\/div>\t\t\t\t<\/div>\n\t\t\t\t<\/div>\n\t\t\t\t\t<\/div>\n\t\t<\/div>\n\t\t\t\t<div class=\"elementor-column elementor-col-50 elementor-inner-column elementor-element elementor-element-f212768\" data-id=\"f212768\" data-element_type=\"column\" data-e-type=\"column\">\n\t\t\t<div class=\"elementor-widget-wrap elementor-element-populated\">\n\t\t\t\t\t\t<div class=\"elementor-element elementor-element-4cebde0 dce_masking-none elementor-widget elementor-widget-image\" data-id=\"4cebde0\" data-element_type=\"widget\" data-e-type=\"widget\" data-widget_type=\"image.default\">\n\t\t\t\t<div class=\"elementor-widget-container\">\n\t\t\t\t\t\t\t\t\t\t\t\t\t\t\t<img fetchpriority=\"high\" decoding=\"async\" width=\"800\" height=\"533\" src=\"https:\/\/discerningdeacons.org\/wp-content\/uploads\/2023\/01\/Singing-at-the-celebration-for-St.-Phoebes-Feast-Day-1024x682.jpg\" class=\"attachment-large size-large wp-image-11967\" alt=\"\" srcset=\"https:\/\/discerningdeacons.org\/wp-content\/uploads\/2023\/01\/Singing-at-the-celebration-for-St.-Phoebes-Feast-Day-1024x682.jpg 1024w, https:\/\/discerningdeacons.org\/wp-content\/uploads\/2023\/01\/Singing-at-the-celebration-for-St.-Phoebes-Feast-Day-600x400.jpg 600w, https:\/\/discerningdeacons.org\/wp-content\/uploads\/2023\/01\/Singing-at-the-celebration-for-St.-Phoebes-Feast-Day-300x200.jpg 300w, https:\/\/discerningdeacons.org\/wp-content\/uploads\/2023\/01\/Singing-at-the-celebration-for-St.-Phoebes-Feast-Day-768x512.jpg 768w, https:\/\/discerningdeacons.org\/wp-content\/uploads\/2023\/01\/Singing-at-the-celebration-for-St.-Phoebes-Feast-Day-1536x1023.jpg 1536w, https:\/\/discerningdeacons.org\/wp-content\/uploads\/2023\/01\/Singing-at-the-celebration-for-St.-Phoebes-Feast-Day-18x12.jpg 18w, https:\/\/discerningdeacons.org\/wp-content\/uploads\/2023\/01\/Singing-at-the-celebration-for-St.-Phoebes-Feast-Day.jpg 1600w\" sizes=\"(max-width: 800px) 100vw, 800px\" \/>\t\t\t\t\t\t\t\t\t\t\t\t\t\t\t<\/div>\n\t\t\t\t<\/div>\n\t\t\t\t\t<\/div>\n\t\t<\/div>\n\t\t\t\t\t<\/div>\n\t\t<\/section>\n\t\t\t\t\t<\/div>\n\t\t<\/div>\n\t\t\t\t\t<\/div>\n\t\t<\/section>\n\t\t\t\t<\/div>\n\t\t","protected":false},"excerpt":{"rendered":"<p>Cuando rellenes el formulario que aparece a continuaci\u00f3n, recibir\u00e1s un correo electr\u00f3nico con instrucciones para acceder a tu copia de la Gu\u00eda de Recursos del D\u00eda de Santa Febe.<\/p>","protected":false},"author":11,"featured_media":0,"parent":0,"menu_order":0,"comment_status":"closed","ping_status":"closed","template":"","meta":{"_acf_changed":false,"give_campaign_id":0,"om_disable_all_campaigns":false,"cybocfi_hide_featured_image":"","footnotes":""},"class_list":["post-13065","page","type-page","status-publish","hentry"],"acf":[],"aioseo_notices":[],"campaignId":"","_links":{"self":[{"href":"https:\/\/discerningdeacons.org\/es\/wp-json\/wp\/v2\/pages\/13065","targetHints":{"allow":["GET"]}}],"collection":[{"href":"https:\/\/discerningdeacons.org\/es\/wp-json\/wp\/v2\/pages"}],"about":[{"href":"https:\/\/discerningdeacons.org\/es\/wp-json\/wp\/v2\/types\/page"}],"author":[{"embeddable":true,"href":"https:\/\/discerningdeacons.org\/es\/wp-json\/wp\/v2\/users\/11"}],"replies":[{"embeddable":true,"href":"https:\/\/discerningdeacons.org\/es\/wp-json\/wp\/v2\/comments?post=13065"}],"version-history":[{"count":41,"href":"https:\/\/discerningdeacons.org\/es\/wp-json\/wp\/v2\/pages\/13065\/revisions"}],"predecessor-version":[{"id":21418,"href":"https:\/\/discerningdeacons.org\/es\/wp-json\/wp\/v2\/pages\/13065\/revisions\/21418"}],"wp:attachment":[{"href":"https:\/\/discerningdeacons.org\/es\/wp-json\/wp\/v2\/media?parent=13065"}],"curies":[{"name":"wp","href":"https:\/\/api.w.org\/{rel}","templated":true}]}}