{"id":15876,"date":"2023-08-24T19:30:42","date_gmt":"2023-08-24T23:30:42","guid":{"rendered":"https:\/\/discerningdeacons.org\/?page_id=15876"},"modified":"2023-09-07T19:01:40","modified_gmt":"2023-09-07T23:01:40","slug":"action","status":"publish","type":"page","link":"https:\/\/discerningdeacons.org\/es\/action\/","title":{"rendered":"Walking with St. Phoebe on the Road to Rome"},"content":{"rendered":"<div data-elementor-type=\"wp-page\" data-elementor-id=\"15876\" class=\"elementor elementor-15876\" data-elementor-post-type=\"page\">\n\t\t\t\t\t\t<section class=\"elementor-section elementor-top-section elementor-element elementor-element-35fac60 elementor-section-boxed elementor-section-height-default elementor-section-height-default\" data-id=\"35fac60\" data-element_type=\"section\" data-e-type=\"section\" data-settings=\"{&quot;jet_parallax_layout_list&quot;:[]}\">\n\t\t\t\t\t\t<div class=\"elementor-container elementor-column-gap-default\">\n\t\t\t\t\t<div class=\"elementor-column elementor-col-100 elementor-top-column elementor-element elementor-element-25adf2a\" data-id=\"25adf2a\" data-element_type=\"column\" data-e-type=\"column\">\n\t\t\t<div class=\"elementor-widget-wrap elementor-element-populated\">\n\t\t\t\t\t\t<div class=\"elementor-element elementor-element-a746a45 elementor-widget elementor-widget-heading\" data-id=\"a746a45\" data-element_type=\"widget\" data-e-type=\"widget\" data-widget_type=\"heading.default\">\n\t\t\t\t<div class=\"elementor-widget-container\">\n\t\t\t\t\t<h3 class=\"elementor-heading-title elementor-size-default\">St. Phoebe Day Action Steps<\/h3>\t\t\t\t<\/div>\n\t\t\t\t<\/div>\n\t\t\t\t<div class=\"elementor-element elementor-element-7d1093e elementor-widget elementor-widget-text-editor\" data-id=\"7d1093e\" data-element_type=\"widget\" data-e-type=\"widget\" data-widget_type=\"text-editor.default\">\n\t\t\t\t<div class=\"elementor-widget-container\">\n\t\t\t\t\t\t\t\t\t<p>This September 2023, Catholic parishes, schools, colleges and universities, religious orders, and other organizations are celebrating the feast of St. Phoebe, <em>diakonos<\/em>, ahead of October&#8217;s General Assembly of the Synod of Bishops in Rome. Church leaders will discern about key questions that shape our life of faith together, including the possibility of restoring women to the diaconate. Join Discerning Deacons as we bear prayerful witness to the October synod and support the emergence of a synodal church.<\/p>\t\t\t\t\t\t\t\t<\/div>\n\t\t\t\t<\/div>\n\t\t\t\t\t<\/div>\n\t\t<\/div>\n\t\t\t\t\t<\/div>\n\t\t<\/section>\n\t\t\t\t<section class=\"elementor-section elementor-top-section elementor-element elementor-element-c0d9fee elementor-section-boxed elementor-section-height-default elementor-section-height-default\" data-id=\"c0d9fee\" data-element_type=\"section\" data-e-type=\"section\" data-settings=\"{&quot;jet_parallax_layout_list&quot;:[]}\">\n\t\t\t\t\t\t<div class=\"elementor-container elementor-column-gap-default\">\n\t\t\t\t\t<div class=\"elementor-column elementor-col-100 elementor-top-column elementor-element elementor-element-bedf2b6\" data-id=\"bedf2b6\" data-element_type=\"column\" data-e-type=\"column\">\n\t\t\t<div class=\"elementor-widget-wrap elementor-element-populated\">\n\t\t\t\t\t\t<div class=\"elementor-element elementor-element-c02fa30 elementor-widget elementor-widget-text-editor\" data-id=\"c02fa30\" data-element_type=\"widget\" data-e-type=\"widget\" data-widget_type=\"text-editor.default\">\n\t\t\t\t<div class=\"elementor-widget-container\">\n\t\t\t\t\t\t\t\t\t<p><b>New here? <a href=\"https:\/\/discerningdeacons.org\/es\/event\/dd-welcome2023\/\">Join an upcoming Welcome Call<\/a> <\/b>to learn about Discerning Deacons and discern your path with us!<\/p>\t\t\t\t\t\t\t\t<\/div>\n\t\t\t\t<\/div>\n\t\t\t\t\t<\/div>\n\t\t<\/div>\n\t\t\t\t\t<\/div>\n\t\t<\/section>\n\t\t\t\t<section class=\"elementor-section elementor-top-section elementor-element elementor-element-e81c287 elementor-section-boxed elementor-section-height-default elementor-section-height-default\" data-id=\"e81c287\" data-element_type=\"section\" data-e-type=\"section\" data-settings=\"{&quot;jet_parallax_layout_list&quot;:[]}\">\n\t\t\t\t\t\t<div class=\"elementor-container elementor-column-gap-default\">\n\t\t\t\t\t<div class=\"elementor-column elementor-col-66 elementor-top-column elementor-element elementor-element-2da902b\" data-id=\"2da902b\" data-element_type=\"column\" data-e-type=\"column\">\n\t\t\t<div class=\"elementor-widget-wrap elementor-element-populated\">\n\t\t\t\t\t\t<div class=\"elementor-element elementor-element-98e78a2 elementor-widget elementor-widget-text-editor\" data-id=\"98e78a2\" data-element_type=\"widget\" data-e-type=\"widget\" data-widget_type=\"text-editor.default\">\n\t\t\t\t<div class=\"elementor-widget-container\">\n\t\t\t\t\t\t\t\t\t<h5>What steps will you take with St. Phoebe on the road to Rome?<\/h5>\t\t\t\t\t\t\t\t<\/div>\n\t\t\t\t<\/div>\n\t\t\t\t\t<\/div>\n\t\t<\/div>\n\t\t\t\t<div class=\"elementor-column elementor-col-33 elementor-top-column elementor-element elementor-element-445a317\" data-id=\"445a317\" data-element_type=\"column\" data-e-type=\"column\">\n\t\t\t<div class=\"elementor-widget-wrap elementor-element-populated\">\n\t\t\t\t\t\t<div class=\"elementor-element elementor-element-c830f5a elementor-button-info elementor-align-center elementor-widget elementor-widget-button\" data-id=\"c830f5a\" data-element_type=\"widget\" data-e-type=\"widget\" data-widget_type=\"button.default\">\n\t\t\t\t<div class=\"elementor-widget-container\">\n\t\t\t\t\t\t\t\t\t<div class=\"elementor-button-wrapper\">\n\t\t\t\t\t<a class=\"elementor-button elementor-button-link elementor-size-sm\" href=\"#\">\n\t\t\t\t\t\t<span class=\"elementor-button-content-wrapper\">\n\t\t\t\t\t\t<span class=\"elementor-button-icon\">\n\t\t\t\t<i aria-hidden=\"true\" class=\"fas fa-info-circle\"><\/i>\t\t\t<\/span>\n\t\t\t\t\t\t\t\t\t<span class=\"elementor-button-text\">St. phoebe day<\/span>\n\t\t\t\t\t<\/span>\n\t\t\t\t\t<\/a>\n\t\t\t\t<\/div>\n\t\t\t\t\t\t\t\t<\/div>\n\t\t\t\t<\/div>\n\t\t\t\t\t<\/div>\n\t\t<\/div>\n\t\t\t\t\t<\/div>\n\t\t<\/section>\n\t\t\t\t<section class=\"elementor-section elementor-top-section elementor-element elementor-element-6da69cd elementor-section-boxed elementor-section-height-default elementor-section-height-default\" data-id=\"6da69cd\" data-element_type=\"section\" data-e-type=\"section\" data-settings=\"{&quot;jet_parallax_layout_list&quot;:[]}\">\n\t\t\t\t\t\t<div class=\"elementor-container elementor-column-gap-default\">\n\t\t\t\t\t<div class=\"elementor-column elementor-col-100 elementor-top-column elementor-element elementor-element-2952e99\" data-id=\"2952e99\" data-element_type=\"column\" data-e-type=\"column\" data-settings=\"{&quot;background_background&quot;:&quot;classic&quot;}\">\n\t\t\t<div class=\"elementor-widget-wrap elementor-element-populated\">\n\t\t\t\t\t\t<div class=\"elementor-element elementor-element-97e4307 elementor-widget elementor-widget-jet-timeline\" data-id=\"97e4307\" data-element_type=\"widget\" data-e-type=\"widget\" data-widget_type=\"jet-timeline.default\">\n\t\t\t\t<div class=\"elementor-widget-container\">\n\t\t\t\t\t<div class=\"elementor-jet-timeline jet-elements\"><div class=\"jet-timeline jet-timeline--align-center jet-timeline--align-middle\">\n\t<div class=\"jet-timeline__line\"><div class=\"jet-timeline__line-progress\"><\/div><\/div>\n\t<div class=\"jet-timeline-list\"><div class=\"jet-timeline-item  elementor-repeater-item-f9effc9 jet-timeline-item--image-outside_before\">\n\t<div class=\"timeline-item__card\">\n\t\t<div class=\"timeline-item__card-inner\">\n\t\t\t\t<div class=\"timeline-item__card-img\"><img fetchpriority=\"high\" decoding=\"async\" width=\"2560\" height=\"1707\" src=\"https:\/\/discerningdeacons.org\/wp-content\/uploads\/2023\/01\/DD-cdmx-72-scaled.jpg\" class=\"attachment-full size-full wp-image-11968\" alt=\"\" srcset=\"https:\/\/discerningdeacons.org\/wp-content\/uploads\/2023\/01\/DD-cdmx-72-scaled.jpg 2560w, https:\/\/discerningdeacons.org\/wp-content\/uploads\/2023\/01\/DD-cdmx-72-scaled-600x400.jpg 600w, https:\/\/discerningdeacons.org\/wp-content\/uploads\/2023\/01\/DD-cdmx-72-300x200.jpg 300w, https:\/\/discerningdeacons.org\/wp-content\/uploads\/2023\/01\/DD-cdmx-72-1024x683.jpg 1024w, https:\/\/discerningdeacons.org\/wp-content\/uploads\/2023\/01\/DD-cdmx-72-768x512.jpg 768w, https:\/\/discerningdeacons.org\/wp-content\/uploads\/2023\/01\/DD-cdmx-72-1536x1024.jpg 1536w, https:\/\/discerningdeacons.org\/wp-content\/uploads\/2023\/01\/DD-cdmx-72-2048x1365.jpg 2048w, https:\/\/discerningdeacons.org\/wp-content\/uploads\/2023\/01\/DD-cdmx-72-18x12.jpg 18w\" sizes=\"(max-width: 2560px) 100vw, 2560px\" \/><\/div>\t\t\t\t<div class=\"timeline-item__card-content\">\n\t\t\t\t\t<div class=\"timeline-item__meta\"><\/div><h4 class=\"timeline-item__card-title\">Rezar<\/h4><div class=\"timeline-item__card-desc\">This October, when the whole Church is convoked in Synod, join Discerning Deacons every week as we pray a decade of the rosary and share updates from members of our team in Rome. Join us for Rosary for a Synodal Church on Tuesdays in October at 12 noon ET.<\/div><div class=\"timeline-item__card-btn-wrap\"><a class=\"timeline-item__card-btn elementor-button elementor-size-md\" role=\"button\" href=\"https:\/\/discerningdeacons.org\/es\/event\/october-rosary-for-a-synodal-church\/\">pray with us<\/a><\/div>\t\t\t\t<\/div>\n\t\t\t\t\t\t<\/div>\n\t\t<div class=\"timeline-item__card-arrow\"><\/div>\n\t<\/div>\n\t<div class=\"timeline-item__point\"><div class=\"timeline-item__point-content timeline-item__point-content--icon\"><span class=\"jet-elements-icon\"><i aria-hidden=\"true\" class=\"fas fa-praying-hands\"><\/i><\/span><\/div><\/div><div class=\"timeline-item__meta\"><div class=\"timeline-item__card-img\"><img fetchpriority=\"high\" decoding=\"async\" width=\"2560\" height=\"1707\" src=\"https:\/\/discerningdeacons.org\/wp-content\/uploads\/2023\/01\/DD-cdmx-72-scaled.jpg\" class=\"attachment-full size-full wp-image-11968\" alt=\"\" srcset=\"https:\/\/discerningdeacons.org\/wp-content\/uploads\/2023\/01\/DD-cdmx-72-scaled.jpg 2560w, https:\/\/discerningdeacons.org\/wp-content\/uploads\/2023\/01\/DD-cdmx-72-scaled-600x400.jpg 600w, https:\/\/discerningdeacons.org\/wp-content\/uploads\/2023\/01\/DD-cdmx-72-300x200.jpg 300w, https:\/\/discerningdeacons.org\/wp-content\/uploads\/2023\/01\/DD-cdmx-72-1024x683.jpg 1024w, https:\/\/discerningdeacons.org\/wp-content\/uploads\/2023\/01\/DD-cdmx-72-768x512.jpg 768w, https:\/\/discerningdeacons.org\/wp-content\/uploads\/2023\/01\/DD-cdmx-72-1536x1024.jpg 1536w, https:\/\/discerningdeacons.org\/wp-content\/uploads\/2023\/01\/DD-cdmx-72-2048x1365.jpg 2048w, https:\/\/discerningdeacons.org\/wp-content\/uploads\/2023\/01\/DD-cdmx-72-18x12.jpg 18w\" sizes=\"(max-width: 2560px) 100vw, 2560px\" \/><\/div><\/div><\/div><div class=\"jet-timeline-item  elementor-repeater-item-e1bd0f1 jet-timeline-item--image-outside_before\">\n\t<div class=\"timeline-item__card\">\n\t\t<div class=\"timeline-item__card-inner\">\n\t\t\t\t<div class=\"timeline-item__card-img\"><img decoding=\"async\" width=\"2048\" height=\"1365\" src=\"https:\/\/discerningdeacons.org\/wp-content\/uploads\/2023\/01\/DD_2022-33.jpg\" class=\"attachment-full size-full wp-image-11898\" alt=\"\" srcset=\"https:\/\/discerningdeacons.org\/wp-content\/uploads\/2023\/01\/DD_2022-33.jpg 2048w, https:\/\/discerningdeacons.org\/wp-content\/uploads\/2023\/01\/DD_2022-33-600x400.jpg 600w, https:\/\/discerningdeacons.org\/wp-content\/uploads\/2023\/01\/DD_2022-33-300x200.jpg 300w, https:\/\/discerningdeacons.org\/wp-content\/uploads\/2023\/01\/DD_2022-33-1024x683.jpg 1024w, https:\/\/discerningdeacons.org\/wp-content\/uploads\/2023\/01\/DD_2022-33-768x512.jpg 768w, https:\/\/discerningdeacons.org\/wp-content\/uploads\/2023\/01\/DD_2022-33-1536x1024.jpg 1536w, https:\/\/discerningdeacons.org\/wp-content\/uploads\/2023\/01\/DD_2022-33-18x12.jpg 18w\" sizes=\"(max-width: 2048px) 100vw, 2048px\" \/><\/div>\t\t\t\t<div class=\"timeline-item__card-content\">\n\t\t\t\t\t<div class=\"timeline-item__meta\"><\/div><h4 class=\"timeline-item__card-title\">Discernir<\/h4><div class=\"timeline-item__card-desc\">Connect your faith community to the Church's ongoing discernment about rethinking women's participation during the global synod by hosting a witness circle or distributing a witness survey.<\/div><div class=\"timeline-item__card-btn-wrap\"><a class=\"timeline-item__card-btn elementor-button elementor-size-md\" role=\"button\" href=\"https:\/\/discerningdeacons.org\/wp-content\/uploads\/2023\/08\/St-Phoebe-Day_Witness-Circle_Template-Agenda-1.pdf\">join the discernment<\/a><\/div>\t\t\t\t<\/div>\n\t\t\t\t\t\t<\/div>\n\t\t<div class=\"timeline-item__card-arrow\"><\/div>\n\t<\/div>\n\t<div class=\"timeline-item__point\"><div class=\"timeline-item__point-content timeline-item__point-content--icon\"><span class=\"jet-elements-icon\"><i aria-hidden=\"true\" class=\"fas fa-comments\"><\/i><\/span><\/div><\/div><div class=\"timeline-item__meta\"><div class=\"timeline-item__card-img\"><img decoding=\"async\" width=\"2048\" height=\"1365\" src=\"https:\/\/discerningdeacons.org\/wp-content\/uploads\/2023\/01\/DD_2022-33.jpg\" class=\"attachment-full size-full wp-image-11898\" alt=\"\" srcset=\"https:\/\/discerningdeacons.org\/wp-content\/uploads\/2023\/01\/DD_2022-33.jpg 2048w, https:\/\/discerningdeacons.org\/wp-content\/uploads\/2023\/01\/DD_2022-33-600x400.jpg 600w, https:\/\/discerningdeacons.org\/wp-content\/uploads\/2023\/01\/DD_2022-33-300x200.jpg 300w, https:\/\/discerningdeacons.org\/wp-content\/uploads\/2023\/01\/DD_2022-33-1024x683.jpg 1024w, https:\/\/discerningdeacons.org\/wp-content\/uploads\/2023\/01\/DD_2022-33-768x512.jpg 768w, https:\/\/discerningdeacons.org\/wp-content\/uploads\/2023\/01\/DD_2022-33-1536x1024.jpg 1536w, https:\/\/discerningdeacons.org\/wp-content\/uploads\/2023\/01\/DD_2022-33-18x12.jpg 18w\" sizes=\"(max-width: 2048px) 100vw, 2048px\" \/><\/div><\/div><\/div><div class=\"jet-timeline-item  elementor-repeater-item-97987d1 jet-timeline-item--image-outside_before\">\n\t<div class=\"timeline-item__card\">\n\t\t<div class=\"timeline-item__card-inner\">\n\t\t\t\t<div class=\"timeline-item__card-img\"><img decoding=\"async\" width=\"2560\" height=\"1707\" src=\"https:\/\/discerningdeacons.org\/wp-content\/uploads\/2023\/08\/DSC02409-2-scaled.jpg\" class=\"attachment-full size-full wp-image-15680\" alt=\"\" srcset=\"https:\/\/discerningdeacons.org\/wp-content\/uploads\/2023\/08\/DSC02409-2-scaled.jpg 2560w, https:\/\/discerningdeacons.org\/wp-content\/uploads\/2023\/08\/DSC02409-2-scaled-600x400.jpg 600w, https:\/\/discerningdeacons.org\/wp-content\/uploads\/2023\/08\/DSC02409-2-300x200.jpg 300w, https:\/\/discerningdeacons.org\/wp-content\/uploads\/2023\/08\/DSC02409-2-1024x683.jpg 1024w, https:\/\/discerningdeacons.org\/wp-content\/uploads\/2023\/08\/DSC02409-2-768x512.jpg 768w, https:\/\/discerningdeacons.org\/wp-content\/uploads\/2023\/08\/DSC02409-2-1536x1024.jpg 1536w, https:\/\/discerningdeacons.org\/wp-content\/uploads\/2023\/08\/DSC02409-2-2048x1365.jpg 2048w, https:\/\/discerningdeacons.org\/wp-content\/uploads\/2023\/08\/DSC02409-2-18x12.jpg 18w\" sizes=\"(max-width: 2560px) 100vw, 2560px\" \/><\/div>\t\t\t\t<div class=\"timeline-item__card-content\">\n\t\t\t\t\t<div class=\"timeline-item__meta\"><\/div><h4 class=\"timeline-item__card-title\">Ser testigos<\/h4><div class=\"timeline-item__card-desc\">\u00bfC\u00f3mo empezar\u00edas a responder a las preguntas planteadas en el Instrumentum Laboris sobre nuestra vida en com\u00fan como Pueblo de Dios? \u00a1El Papa Francisco quiere escuchar tu opini\u00f3n! Escribe una carta al Papa Francisco y a la oficina del S\u00ednodo Vaticano compartiendo tu opini\u00f3n sobre las preguntas planteadas en el IL.\n<\/div><div class=\"timeline-item__card-btn-wrap\"><a class=\"timeline-item__card-btn elementor-button elementor-size-md\" role=\"button\" href=\"https:\/\/discerningdeacons.org\/es\/message-to-pope-francis\/\">Escribe al Papa Francisco<\/a><\/div>\t\t\t\t<\/div>\n\t\t\t\t\t\t<\/div>\n\t\t<div class=\"timeline-item__card-arrow\"><\/div>\n\t<\/div>\n\t<div class=\"timeline-item__point\"><div class=\"timeline-item__point-content timeline-item__point-content--icon\"><span class=\"jet-elements-icon\"><i aria-hidden=\"true\" class=\"fas fa-pencil-alt\"><\/i><\/span><\/div><\/div><div class=\"timeline-item__meta\"><div class=\"timeline-item__card-img\"><img decoding=\"async\" width=\"2560\" height=\"1707\" src=\"https:\/\/discerningdeacons.org\/wp-content\/uploads\/2023\/08\/DSC02409-2-scaled.jpg\" class=\"attachment-full size-full wp-image-15680\" alt=\"\" srcset=\"https:\/\/discerningdeacons.org\/wp-content\/uploads\/2023\/08\/DSC02409-2-scaled.jpg 2560w, https:\/\/discerningdeacons.org\/wp-content\/uploads\/2023\/08\/DSC02409-2-scaled-600x400.jpg 600w, https:\/\/discerningdeacons.org\/wp-content\/uploads\/2023\/08\/DSC02409-2-300x200.jpg 300w, https:\/\/discerningdeacons.org\/wp-content\/uploads\/2023\/08\/DSC02409-2-1024x683.jpg 1024w, https:\/\/discerningdeacons.org\/wp-content\/uploads\/2023\/08\/DSC02409-2-768x512.jpg 768w, https:\/\/discerningdeacons.org\/wp-content\/uploads\/2023\/08\/DSC02409-2-1536x1024.jpg 1536w, https:\/\/discerningdeacons.org\/wp-content\/uploads\/2023\/08\/DSC02409-2-2048x1365.jpg 2048w, https:\/\/discerningdeacons.org\/wp-content\/uploads\/2023\/08\/DSC02409-2-18x12.jpg 18w\" sizes=\"(max-width: 2560px) 100vw, 2560px\" \/><\/div><\/div><\/div><\/div><\/div><\/div>\t\t\t\t<\/div>\n\t\t\t\t<\/div>\n\t\t\t\t<div class=\"elementor-element elementor-element-022d2f1 elementor-widget-divider--view-line elementor-widget elementor-widget-divider\" data-id=\"022d2f1\" data-element_type=\"widget\" data-e-type=\"widget\" data-widget_type=\"divider.default\">\n\t\t\t\t<div class=\"elementor-widget-container\">\n\t\t\t\t\t\t\t<div class=\"elementor-divider\">\n\t\t\t<span class=\"elementor-divider-separator\">\n\t\t\t\t\t\t<\/span>\n\t\t<\/div>\n\t\t\t\t\t\t<\/div>\n\t\t\t\t<\/div>\n\t\t\t\t\t<\/div>\n\t\t<\/div>\n\t\t\t\t\t<\/div>\n\t\t<\/section>\n\t\t\t\t<section class=\"elementor-section elementor-top-section elementor-element elementor-element-4e533a2 elementor-section-boxed elementor-section-height-default elementor-section-height-default\" data-id=\"4e533a2\" data-element_type=\"section\" data-e-type=\"section\" data-settings=\"{&quot;jet_parallax_layout_list&quot;:[]}\">\n\t\t\t\t\t\t<div class=\"elementor-container elementor-column-gap-default\">\n\t\t\t\t\t<div class=\"elementor-column elementor-col-100 elementor-top-column elementor-element elementor-element-dd5002c\" data-id=\"dd5002c\" data-element_type=\"column\" data-e-type=\"column\">\n\t\t\t<div class=\"elementor-widget-wrap elementor-element-populated\">\n\t\t\t\t\t\t<div class=\"elementor-element elementor-element-fe5baab elementor-widget elementor-widget-heading\" data-id=\"fe5baab\" data-element_type=\"widget\" data-e-type=\"widget\" data-widget_type=\"heading.default\">\n\t\t\t\t<div class=\"elementor-widget-container\">\n\t\t\t\t\t<h4 class=\"elementor-heading-title elementor-size-default\">Stay Connected<\/h4>\t\t\t\t<\/div>\n\t\t\t\t<\/div>\n\t\t\t\t<div class=\"elementor-element elementor-element-0147fe3 elementor-widget elementor-widget-text-editor\" data-id=\"0147fe3\" data-element_type=\"widget\" data-e-type=\"widget\" data-widget_type=\"text-editor.default\">\n\t\t\t\t<div class=\"elementor-widget-container\">\n\t\t\t\t\t\t\t\t\t<p><a href=\"https:\/\/bit.ly\/DDSubscribe\">Subscribe to the Discerning Deacons newsletter<\/a> to stay connected and up-to-date on future opportunities to pray, discern, and bear witness for and within our synodal church.&nbsp;<\/p>\t\t\t\t\t\t\t\t<\/div>\n\t\t\t\t<\/div>\n\t\t\t\t\t<\/div>\n\t\t<\/div>\n\t\t\t\t\t<\/div>\n\t\t<\/section>\n\t\t\t\t<\/div>","protected":false},"excerpt":{"rendered":"<p>St. Phoebe Day Action Steps This September 2023, Catholic parishes, schools, colleges and universities, religious orders, and other organizations are celebrating the feast of St. Phoebe, diakonos, ahead of October&#8217;s General Assembly of the Synod of Bishops in Rome. Church leaders will discern about key questions that shape our life of faith together, including the [&hellip;]<\/p>\n","protected":false},"author":11,"featured_media":0,"parent":0,"menu_order":0,"comment_status":"closed","ping_status":"closed","template":"","meta":{"_acf_changed":false,"give_campaign_id":0,"om_disable_all_campaigns":false,"cybocfi_hide_featured_image":"","footnotes":""},"class_list":["post-15876","page","type-page","status-publish","hentry"],"acf":[],"aioseo_notices":[],"campaignId":"","_links":{"self":[{"href":"https:\/\/discerningdeacons.org\/es\/wp-json\/wp\/v2\/pages\/15876","targetHints":{"allow":["GET"]}}],"collection":[{"href":"https:\/\/discerningdeacons.org\/es\/wp-json\/wp\/v2\/pages"}],"about":[{"href":"https:\/\/discerningdeacons.org\/es\/wp-json\/wp\/v2\/types\/page"}],"author":[{"embeddable":true,"href":"https:\/\/discerningdeacons.org\/es\/wp-json\/wp\/v2\/users\/11"}],"replies":[{"embeddable":true,"href":"https:\/\/discerningdeacons.org\/es\/wp-json\/wp\/v2\/comments?post=15876"}],"version-history":[{"count":19,"href":"https:\/\/discerningdeacons.org\/es\/wp-json\/wp\/v2\/pages\/15876\/revisions"}],"predecessor-version":[{"id":16581,"href":"https:\/\/discerningdeacons.org\/es\/wp-json\/wp\/v2\/pages\/15876\/revisions\/16581"}],"wp:attachment":[{"href":"https:\/\/discerningdeacons.org\/es\/wp-json\/wp\/v2\/media?parent=15876"}],"curies":[{"name":"wp","href":"https:\/\/api.w.org\/{rel}","templated":true}]}}